{"id":3382,"date":"2026-01-13T18:21:14","date_gmt":"2026-01-13T18:21:14","guid":{"rendered":"https:\/\/akibaplay.net\/?page_id=3382"},"modified":"2026-02-27T13:33:09","modified_gmt":"2026-02-27T13:33:09","slug":"aviso-privacidad","status":"publish","type":"page","link":"https:\/\/akibaplay.net\/es-mx\/aviso-privacidad\/","title":{"rendered":"AVISO DE PRIVACIDAD INTEGRAL"},"content":{"rendered":"\n<p><strong>GOMOVIL S.A.C.<\/strong>&nbsp;(en adelante, el &#8220;Responsable&#8221;), con domicilio fiscal ubicado en&nbsp;<strong>Av. Las Dalias, Mz. 71, Lote 01, Urbanizaci\u00f3n Ciudad Sat\u00e9lite, Distrito de Ventanilla, Provincia Constitucional del Callao, Per\u00fa<\/strong>, pone a su disposici\u00f3n el presente Aviso de Privacidad, en cumplimiento a lo dispuesto por la Ley Federal de Protecci\u00f3n de Datos Personales en Posesi\u00f3n de los Particulares (la &#8220;Ley&#8221;) y su Reglamento.<\/p>\n\n\n\n<p><strong>1. DATOS PERSONALES RECABADOS<\/strong>&nbsp;Para la prestaci\u00f3n del servicio de entretenimiento denominado&nbsp;<strong>\u201cAKIBAPLAY\u201d<\/strong>, recabamos de manera directa o autom\u00e1tica los siguientes datos personales:<\/p>\n\n\n\n<ul class=\"wp-block-list\">\n<li><strong>Datos de Identificaci\u00f3n y Contacto:<\/strong>&nbsp;N\u00famero de tel\u00e9fono m\u00f3vil (MSISDN) a 10 d\u00edgitos.<\/li>\n\n\n\n<li><strong>Datos de Navegaci\u00f3n y Dispositivo:<\/strong>&nbsp;Direcci\u00f3n IP, tipo de navegador, sistema operativo, hora de acceso y modelo del dispositivo m\u00f3vil.<\/li>\n<\/ul>\n\n\n\n<p>El Responsable no recaba datos personales sensibles para la operaci\u00f3n de este servicio.<\/p>\n\n\n\n<p><strong>2. FINALIDADES DEL TRATAMIENTO<\/strong>&nbsp;Sus datos personales ser\u00e1n utilizados para las siguientes finalidades necesarias para el servicio:<\/p>\n\n\n\n<ul class=\"wp-block-list\">\n<li><strong>Gesti\u00f3n de Suscripci\u00f3n:<\/strong>&nbsp;Validar que su l\u00ednea m\u00f3vil est\u00e9 activa y sea apta para el servicio.<\/li>\n\n\n\n<li><strong>Facturaci\u00f3n y Cobro:<\/strong>&nbsp;Procesar el cargo del servicio directamente a trav\u00e9s de su saldo de recarga o factura de su operador de telefon\u00eda (AT&amp;T \/ UNEFON).<\/li>\n\n\n\n<li><strong>Acceso al Contenido:<\/strong>&nbsp;Permitirle el ingreso a la plataforma Akibaplay.<\/li>\n\n\n\n<li><strong>Atenci\u00f3n al Cliente:<\/strong>&nbsp;Resolver dudas, quejas, aclaraciones o gestionar la baja del servicio a trav\u00e9s de nuestros canales de soporte.<\/li>\n<\/ul>\n\n\n\n<p><strong>3. TRANSFERENCIA DE DATOS<\/strong>&nbsp;Le informamos que su n\u00famero de l\u00ednea m\u00f3vil es compartido con el Operador de Telefon\u00eda M\u00f3vil&nbsp;correspondiente, exclusivamente para ejecutar la validaci\u00f3n de la l\u00ednea y la gesti\u00f3n del cobro. Asimismo, se comparte con proveedores de infraestructura tecnol\u00f3gica para el env\u00edo de SMS de confirmaci\u00f3n, quienes operan bajo estrictas medidas de seguridad.<\/p>\n\n\n\n<p><strong>4. USO DE COOKIES Y TECNOLOG\u00cdAS DE RASTREO<\/strong>&nbsp;Nuestra p\u00e1gina web utiliza&nbsp;<em>cookies<\/em>&nbsp;para mejorar su experiencia y asegurar la sesi\u00f3n del usuario. Estas tecnolog\u00edas obtienen autom\u00e1ticamente: direcci\u00f3n IP, horario de navegaci\u00f3n y tipo de dispositivo. Usted puede deshabilitar estas tecnolog\u00edas en la configuraci\u00f3n de su navegador.<\/p>\n\n\n\n<p><strong>5. DERECHOS ARCO Y CANALES DE ATENCI\u00d3N<\/strong>&nbsp;Usted tiene derecho a Acceder, Rectificar, Cancelar u Oponerse al tratamiento de sus datos (Derechos ARCO), as\u00ed como a darse de baja del servicio. Para ello, hemos habilitado los siguientes canales de atenci\u00f3n:<\/p>\n\n\n\n<ul class=\"wp-block-list\">\n<li><strong>WhatsApp:<\/strong>&nbsp;<a href=\"https:\/\/wa.me\/5491136954394\" target=\"_blank\" rel=\"noreferrer noopener\">+54 9 11 3695 4394<\/a><\/li>\n\n\n\n<li><strong>Correo Electr\u00f3nico:<\/strong>&nbsp;<a href=\"mailto:info@gomovil.co\" target=\"_blank\" rel=\"noreferrer noopener\">info@gomovil.co<\/a><\/li>\n\n\n\n<li><strong>Portal de Gesti\u00f3n:<\/strong>&nbsp;<a href=\"http:\/\/fun-attmex.timwe.com\/myaccount\" target=\"_blank\" rel=\"noreferrer noopener\">http:\/\/fun-attmex.timwe.com\/myaccount<\/a><\/li>\n<\/ul>\n\n\n\n<p><strong>6. CAMBIOS AL AVISO DE PRIVACIDAD<\/strong>&nbsp;Nos reservamos el derecho de efectuar modificaciones al presente aviso. Estos cambios estar\u00e1n disponibles al p\u00fablico a trav\u00e9s de nuestra p\u00e1gina web en la secci\u00f3n &#8220;Aviso de Privacidad&#8221;.<\/p>\n\n\n\n<p><em>\u00daltima actualizaci\u00f3n: Enero 2026<\/em><\/p>\n\n\n\n<style>\n.mwai-chatbot-container{display:none!important}\n<\/style>\n","protected":false},"excerpt":{"rendered":"<p>GOMOVIL S.A.C.&nbsp;(en adelante, el &#8220;Responsable&#8221;), con domicilio fiscal ubicado en&nbsp;Av. Las Dalias, Mz. 71, Lote 01, Urbanizaci\u00f3n Ciudad Sat\u00e9lite, Distrito de Ventanilla, Provincia Constitucional del Callao, Per\u00fa, pone a su disposici\u00f3n el presente Aviso de Privacidad, en cumplimiento a lo dispuesto por la Ley Federal de Protecci\u00f3n de Datos Personales en Posesi\u00f3n de los Particulares [&hellip;]<\/p>\n","protected":false},"author":4,"featured_media":0,"parent":0,"menu_order":0,"comment_status":"closed","ping_status":"open","template":"","meta":{"_acf_changed":false,"_et_pb_use_builder":"","_et_pb_old_content":"","_et_gb_content_width":"1300","footnotes":""},"class_list":["post-3382","page","type-page","status-publish","hentry"],"acf":[],"_links":{"self":[{"href":"https:\/\/akibaplay.net\/es-mx\/wp-json\/wp\/v2\/pages\/3382","targetHints":{"allow":["GET"]}}],"collection":[{"href":"https:\/\/akibaplay.net\/es-mx\/wp-json\/wp\/v2\/pages"}],"about":[{"href":"https:\/\/akibaplay.net\/es-mx\/wp-json\/wp\/v2\/types\/page"}],"author":[{"embeddable":true,"href":"https:\/\/akibaplay.net\/es-mx\/wp-json\/wp\/v2\/users\/4"}],"replies":[{"embeddable":true,"href":"https:\/\/akibaplay.net\/es-mx\/wp-json\/wp\/v2\/comments?post=3382"}],"version-history":[{"count":7,"href":"https:\/\/akibaplay.net\/es-mx\/wp-json\/wp\/v2\/pages\/3382\/revisions"}],"predecessor-version":[{"id":4154,"href":"https:\/\/akibaplay.net\/es-mx\/wp-json\/wp\/v2\/pages\/3382\/revisions\/4154"}],"wp:attachment":[{"href":"https:\/\/akibaplay.net\/es-mx\/wp-json\/wp\/v2\/media?parent=3382"}],"curies":[{"name":"wp","href":"https:\/\/api.w.org\/{rel}","templated":true}]}}