{"id":1412,"date":"2024-12-30T14:22:21","date_gmt":"2024-12-30T14:22:21","guid":{"rendered":"https:\/\/staging2.akibaplay.net\/tyc-bitelpe\/"},"modified":"2026-02-27T13:34:36","modified_gmt":"2026-02-27T13:34:36","slug":"tyc-attmx","status":"publish","type":"page","link":"https:\/\/akibaplay.net\/es-mx\/tyc-attmx\/","title":{"rendered":"T\u00c9RMINOS Y CONDICIONES DEL SERVICIO \u201cAKIBAPLAY\u201d"},"content":{"rendered":"\n<h2 class=\"wp-block-heading\"><\/h2>\n\n\n\n<p>El usuario acepta y acuerda seguir los siguientes T\u00c9RMINOS Y CONDICIONES DE USO del servicio Akibaplay&nbsp;al suscribirse y\/o utilizar el mismo.<br><br><strong>1. Objeto<\/strong><\/p>\n\n\n\n<p>Akibaplay es un servicio de suscripci\u00f3n para los amantes del otaku y la cultura japonesa. En Akibaplay&nbsp;vas a encontrar M\u00fasica, Manga y Anime, Cosplay, Gaming y eventos. Con producciones propias y coberturas especiales. La suscripci\u00f3n le permitir\u00e1 al usuario ver toda la informaci\u00f3n de la cultura japonesa por un costo de $37.12 (Treinta y siete pesos y 12\/100 M.N.) IVA Incluido, por semana, en modalidades de Control y Postpago. Los suscriptores con modalidad Prepago aceptan que se les cobre de su saldo de recarga un monto diario de $5.30 (Cinco pesos y 30\/100 M.N.) IVA Incluido<\/p>\n\n\n\n<p>AT&amp;T COMUNICACIONES DIGITALES, S. DE R.L. DE C.V. o AT&amp;T COMERCIALIZACI\u00d3N M\u00d3VIL S. DE R.L. DE C.V.&nbsp; no ser\u00e1 responsable de la entrega, visualizaci\u00f3n y\/o descarga del contenido incluido en el servicio Akibaplay.<\/p>\n\n\n\n<p>AT&amp;T se limita a facilitar a los suscriptores la b\u00fasqueda y acceso a la informaci\u00f3n disponible de los sitios enlazados y no se hace responsable de los da\u00f1os y perjuicios que puedan ocasionarse por acceder y\/o adquirir los servicios, informaci\u00f3n, datos, archivos, productos y cualquier clase de material existente en los sitios enlazados<\/p>\n\n\n\n<p><strong>2. Condiciones<\/strong><\/p>\n\n\n\n<p>Akibaplay estar\u00e1 disponible para usuarios AT&amp;T COMUNICACIONES DIGITALES, S. DE R.L. DE C.V&nbsp; o AT&amp;T COMERCIALIZACI\u00d3N M\u00d3VIL S. DE R.L. DE C.V. (en adelante \u201cAT&amp;T\u201d) en modalidades Prepago, Control y Postpago que tengan equipos m\u00f3viles compatibles con el servicio, tengan activo el servicio de valor agregado y contratado alg\u00fan servicio de datos.<\/p>\n\n\n\n<p>De no cumplirse con las condiciones anteriormente descritas, los usuarios no podr\u00e1n disfrutar los beneficios de Akibaplay<strong>.<\/strong><\/p>\n\n\n\n<p><br><strong>3. Ingreso a <\/strong>Akibaplay<\/p>\n\n\n\n<p>Para poder descargar y\/o hacer uso del contenido disponible en el portal Akibaplay el usuario deber\u00e1 suscribirse al servicio previamente.<\/p>\n\n\n\n<p>Para suscribirse, el usuario deber\u00e1 enviar un mensaje SMS (\u201cShort Message Service\u201d) sin costo con la palabra AKIBA al 51313 y autom\u00e1ticamente quedar\u00e1 suscrito al Servicio, s\u00f3lo se le cobrar\u00e1 el costo de la suscripci\u00f3n. Como respuesta recibir\u00e1 un mensaje de bienvenida con acceso directo al sitio WAP (\u201cWireless Aplication Protocol\u201d) donde podr\u00e1 acceder al mismo para conocer los detalles del uso.<\/p>\n\n\n\n<p>El usuario tambi\u00e9n podr\u00e1 solicitar la suscripci\u00f3n ingresando al portal WAP <a href=\"http:\/\/lp-attmex.timwe.com\/31192\/index.php\">http:\/\/lp-attmex.timwe.com\/31192\/index.php<\/a> y haciendo clic en el bot\u00f3n de continuar y finalmente confirmando la suscripci\u00f3n dando clic en el bot\u00f3n aceptar.<\/p>\n\n\n\n<p>Para cancelar el servicio, el usuario deber\u00e1 enviar un SMS sin costo con la palabra BAJAAKIBA al 51313 o directamente desde el portal WAP &nbsp;<a href=\"http:\/\/fun-attmex.timwe.com\/myaccount\">http:\/\/fun-attmex.timwe.com\/myaccount<\/a>.<\/p>\n\n\n\n<p><br><strong>4. T\u00e9rminos espec\u00edficos de <\/strong>Akibaplay<strong>.<\/strong><\/p>\n\n\n\n<p>Al suscribirse a Akibaplay<strong>,<\/strong> los suscriptores con modalidades Prepago aceptan que se les cobre de su saldo de recarga un monto diario de $5.30 (Cinco pesos y 30\/100 M.N.) IVA Incluido, lo cual les permitir\u00e1 conocer toda la informaci\u00f3n de cultura japonesa y otaku con su equipo m\u00f3vil. Los suscriptores con modalidades Postpago y Control, al suscribirse a Akibaplay aceptan que se les cargue un monto semanal de $37.12 (Treinta y siete pesos y 12\/100 M.N.) IVA Incluido &nbsp;, a su factura o saldo de recarga.<\/p>\n\n\n\n<p>El suscriptor recibir\u00e1 un mensaje de notificaci\u00f3n semanalmente, con un link que le dar\u00e1 acceso a Akibaplay para que pueda utilizarlo.<\/p>\n\n\n\n<p>Para suscriptores prepago, si al momento del cobro, la suscripci\u00f3n no puede ser cobrada por falta de saldo, el suscriptor tendr\u00e1 acceso al servicio pero tendr\u00e1 restringida la visualizaci\u00f3n y descarga de contenido por el d\u00eda en que no pudo ser cobrado, y al momento de que el cobro sea exitoso el suscriptor tendr\u00e1 acceso y podr\u00e1 visualizar y descargar nuevamente el contenido del servicio. Los reintentos de cobro solamente se realizar\u00e1n por un periodo de 60 d\u00edas naturales y por el importe que corresponda al d\u00eda actual, pasado ese periodo sin haber sido posible realizar el cobro de la suscripci\u00f3n, esta ser\u00e1 autom\u00e1ticamente dada de baja y para volver a tener acceso, tendr\u00e1 que suscribirse nuevamente.<\/p>\n\n\n\n<p>Para suscriptores en las modalidades de Control o Postpago, si al momento del cobro, la suscripci\u00f3n no puede ser cobrada porque el suscriptor se encuentre en status suspendido, el suscriptor tendr\u00e1 acceso al servicio pero tendr\u00e1 restringida la visualizaci\u00f3n y descarga de contenido por la semana en que no pudo ser cobrado, y al momento de que el cobro sea exitoso el suscriptor tendr\u00e1 acceso y podr\u00e1 visualizar y descargar nuevamente el contenido del servicio. Los reintentos de cobro solamente se realizar\u00e1n por un periodo de 30 d\u00edas naturales y por el importe que corresponda a la semana actual, pasado ese periodo sin haber sido posible realizar el cobro de la suscripci\u00f3n, esta ser\u00e1 autom\u00e1ticamente dada de baja y para volver a tener acceso, tendr\u00e1 que suscribirse nuevamente.<\/p>\n\n\n\n<p>Si el cobro es exitoso antes de los 60 d\u00edas naturales para usuarios prepago o 30 d\u00edas naturales para usuarios en las modalidades de Control o Postpago, el suscriptor tendr\u00e1 nuevamente acceso al servicio contratado y podr\u00e1 utilizarlo por el periodo pagado.<\/p>\n\n\n\n<p><br><a><strong>5. Duraci\u00f3n<\/strong><\/a><\/p>\n\n\n\n<p>La suscripci\u00f3n a Akibaplay ser\u00e1 renovada autom\u00e1ticamente cada semana para usuarios Postpago y Control o diariamente para usuarios Prepago.<\/p>\n\n\n\n<p>Los suscriptores pueden dar de baja su suscripci\u00f3n a Akibaplay en cualquier momento, enviando un SMS sin costo con las palabras BAJAAKIBA al 51313 o marcando a Atenci\u00f3n a Clientes *611.<\/p>\n\n\n\n<p>En caso de que el usuario realice la baja del servicio, ya no podr\u00e1 acceder al contenido. Para tener acceso nuevamente, tendr\u00e1 que realizar una nueva suscripci\u00f3n.<\/p>\n\n\n\n<p><strong>6. Pagos<\/strong><\/p>\n\n\n\n<p>A los usuarios modalidad Prepago se les cobrar\u00e1 un monto diario de $5.30 (Cinco pesos y 30\/100 M.N.) IVA Incluido, del saldo de recarga. A los usuarios con modalidades Postpago y Control se les cargar\u00e1 a su factura un monto semanal de $37.12 (Treinta y siete pesos y 12\/100 M.N.) IVA Incluido. Los costos o consumos de datos v\u00eda conexi\u00f3n WAP no est\u00e1n incluidos en los montos de suscripci\u00f3n.<\/p>\n\n\n\n<p><s>&nbsp;<\/s>El proveedor del servicio se reserva el derecho de modificar los precios.<br><br><\/p>\n\n\n\n<p>En el caso de los suscriptores con la modalidad Control y Postpago que no tengan cobro exitoso por el costo semanal del servicio, podr\u00e1n tener un cobro parcial del costo semanal del servicio y se les permitir\u00e1 conocer toda la informaci\u00f3n de cultura japonesa y otaku con su equipo m\u00f3vil por el plazo de 1 semana.<\/p>\n\n\n\n<p>En el caso de los suscriptores con la modalidad Prepago no tengan el saldo suficiente para pagar el costo diario del servicio, podr\u00e1n tener un cobro parcial del costo diario del servicio y se les permitir\u00e1 conocer toda la informaci\u00f3n de cultura japonesa y otaku con su equipo m\u00f3vil por el plazo de 1 semana.<\/p>\n\n\n\n<p><br><strong>7. Legislaci\u00f3n Aplicable y Jurisdicci\u00f3n<\/strong><\/p>\n\n\n\n<p>Estos T\u00e9rminos y Condiciones de Uso est\u00e1n gobernados e interpretados seg\u00fan las leyes internas de los Estados Unidos Mexicanos. Por la presente, usted acepta someterse expresamente a las leyes y a la competencia de los tribunales de Ciudad de M\u00e9xico, &nbsp;renunciando a cualquier otra jurisdicci\u00f3n que les pudiera corresponder en raz\u00f3n de sus domicilios presentes o futuros o por cualquier otra causa.<br><br><strong>8. Acuerdo final<\/strong><\/p>\n\n\n\n<p>Los presentes T\u00e9rminos y Condiciones de Uso sustituyen a los publicados anteriormente por AT&amp;T en relaci\u00f3n al servicio Akibaplay.<\/p>\n\n\n\n<p><\/p>\n\n\n\n<style>\n.mwai-chatbot-container{display:none!important}\n<\/style>\n","protected":false},"excerpt":{"rendered":"<p>El usuario acepta y acuerda seguir los siguientes T\u00c9RMINOS Y CONDICIONES DE USO del servicio Akibaplay&nbsp;al suscribirse y\/o utilizar el mismo. 1. Objeto Akibaplay es un servicio de suscripci\u00f3n para los amantes del otaku y la cultura japonesa. En Akibaplay&nbsp;vas a encontrar M\u00fasica, Manga y Anime, Cosplay, Gaming y eventos. Con producciones propias y coberturas [&hellip;]<\/p>\n","protected":false},"author":1,"featured_media":0,"parent":0,"menu_order":0,"comment_status":"closed","ping_status":"open","template":"","meta":{"_acf_changed":false,"_et_pb_use_builder":"","_et_pb_old_content":"","_et_gb_content_width":"1300","footnotes":""},"class_list":["post-1412","page","type-page","status-publish","hentry"],"acf":[],"_links":{"self":[{"href":"https:\/\/akibaplay.net\/es-mx\/wp-json\/wp\/v2\/pages\/1412","targetHints":{"allow":["GET"]}}],"collection":[{"href":"https:\/\/akibaplay.net\/es-mx\/wp-json\/wp\/v2\/pages"}],"about":[{"href":"https:\/\/akibaplay.net\/es-mx\/wp-json\/wp\/v2\/types\/page"}],"author":[{"embeddable":true,"href":"https:\/\/akibaplay.net\/es-mx\/wp-json\/wp\/v2\/users\/1"}],"replies":[{"embeddable":true,"href":"https:\/\/akibaplay.net\/es-mx\/wp-json\/wp\/v2\/comments?post=1412"}],"version-history":[{"count":9,"href":"https:\/\/akibaplay.net\/es-mx\/wp-json\/wp\/v2\/pages\/1412\/revisions"}],"predecessor-version":[{"id":4155,"href":"https:\/\/akibaplay.net\/es-mx\/wp-json\/wp\/v2\/pages\/1412\/revisions\/4155"}],"wp:attachment":[{"href":"https:\/\/akibaplay.net\/es-mx\/wp-json\/wp\/v2\/media?parent=1412"}],"curies":[{"name":"wp","href":"https:\/\/api.w.org\/{rel}","templated":true}]}}