{"id":3396,"date":"2025-09-12T17:05:44","date_gmt":"2025-09-12T17:05:44","guid":{"rendered":"https:\/\/akibaplay.net\/cursos\/"},"modified":"2026-01-13T20:45:12","modified_gmt":"2026-01-13T20:45:12","slug":"cursos","status":"publish","type":"page","link":"https:\/\/akibaplay.net\/es-ch\/cursos\/","title":{"rendered":"Cursos"},"content":{"rendered":"<p>[et_pb_section fb_built=&#8221;1&#8243; disabled_on=&#8221;off|off|off&#8221; _builder_version=&#8221;4.27.4&#8243; _module_preset=&#8221;default&#8221; background_image=&#8221;https:\/\/akibaplay.net\/wp-content\/uploads\/2025\/10\/CursoHome.jpg&#8221; z_index=&#8221;2&#8243; custom_padding=&#8221;39px|||||&#8221; hover_enabled=&#8221;0&#8243; background_last_edited=&#8221;on|desktop&#8221; box_shadow_style=&#8221;preset3&#8243; global_colors_info=&#8221;{}&#8221; locked=&#8221;off&#8221; sticky_enabled=&#8221;0&#8243;][et_pb_row column_structure=&#8221;1_2,1_2&#8243; _builder_version=&#8221;4.27.4&#8243; _module_preset=&#8221;default&#8221; custom_padding=&#8221;71px|||||&#8221; scroll_scaling_enable=&#8221;on&#8221; scroll_scaling=&#8221;0|53|53|100|50%|100|100&#8243; motion_trigger_start=&#8221;top&#8221; global_colors_info=&#8221;{}&#8221;][et_pb_column type=&#8221;1_2&#8243; _builder_version=&#8221;4.27.0&#8243; _module_preset=&#8221;default&#8221; global_colors_info=&#8221;{}&#8221;][\/et_pb_column][et_pb_column type=&#8221;1_2&#8243; _builder_version=&#8221;4.27.0&#8243; _module_preset=&#8221;default&#8221; global_colors_info=&#8221;{}&#8221;][et_pb_heading title=&#8221;CURSOS AKIBA &#8211; IKARUGA&#8221; _builder_version=&#8221;4.27.4&#8243; _module_preset=&#8221;default&#8221; title_level=&#8221;h3&#8243; title_text_align=&#8221;center&#8221; title_text_color=&#8221;#FFFFFF&#8221; title_font_size=&#8221;40px&#8221; background_color=&#8221;RGBA(255,255,255,0)&#8221; custom_margin=&#8221;||5px|||&#8221; global_colors_info=&#8221;{}&#8221;][\/et_pb_heading][et_pb_text _builder_version=&#8221;4.27.4&#8243; _module_preset=&#8221;default&#8221; text_font=&#8221;&#8211;et_global_body_font||||||||&#8221; text_text_color=&#8221;#FFFFFF&#8221; text_orientation=&#8221;center&#8221; width=&#8221;500px&#8221; max_width=&#8221;90%&#8221; module_alignment=&#8221;center&#8221; custom_margin=&#8221;|376px||||&#8221; global_colors_info=&#8221;{}&#8221;]<\/p>\n<p><span style=\"color: #ffffff;\"><img loading=\"lazy\" decoding=\"async\" src=\"https:\/\/akibaplay.net\/wp-content\/uploads\/2025\/09\/Logo-Ikaruga-2.webp\" width=\"128\" height=\"128\" alt=\"\" class=\"wp-image-2140 alignnone size-full\" \/><\/span><\/p>\n<p><\/p>\n<p>\u00a1Aprend\u00e9 japon\u00e9s y conect\u00e1 con el idioma de tus animes favoritos! En AkibaPlay, junto a nuestro partner estrat\u00e9gico <strong data-start=\"329\" data-end=\"340\">Ikaruga<\/strong>, te ofrecemos cursos para todos los niveles. Practic\u00e1, aprend\u00e9 expresiones aut\u00e9nticas y viv\u00ed la cultura japonesa desde adentro.<\/p>\n<p>[\/et_pb_text][\/et_pb_column][\/et_pb_row][\/et_pb_section][et_pb_section fb_built=&#8221;1&#8243; specialty=&#8221;on&#8221; _builder_version=&#8221;4.27.4&#8243; _module_preset=&#8221;default&#8221; global_colors_info=&#8221;{}&#8221;][et_pb_column type=&#8221;1_4&#8243; _builder_version=&#8221;4.16&#8243; custom_padding=&#8221;|||&#8221; global_colors_info=&#8221;{}&#8221; custom_padding__hover=&#8221;|||&#8221;][et_pb_heading title=&#8221;Cursos Disponibles&#8221; _builder_version=&#8221;4.27.4&#8243; _module_preset=&#8221;default&#8221; global_colors_info=&#8221;{}&#8221;][\/et_pb_heading][et_pb_text _builder_version=&#8221;4.27.4&#8243; _module_preset=&#8221;default&#8221; custom_padding=&#8221;||0px|||&#8221; global_colors_info=&#8221;{}&#8221;]<\/p>\n<p>Contamos con propuestas pensadas para diferentes edades y objetivos. Dise\u00f1ados con actividades l\u00fadicas y contenidos visuales que hacen del aprendizaje una experiencia divertida y accesible.<\/p>\n<p>[\/et_pb_text][\/et_pb_column][et_pb_column type=&#8221;3_4&#8243; specialty_columns=&#8221;3&#8243; _builder_version=&#8221;4.16&#8243; custom_padding=&#8221;|||&#8221; global_colors_info=&#8221;{}&#8221; custom_padding__hover=&#8221;|||&#8221;][et_pb_row_inner column_structure=&#8221;1_2,1_2&#8243; _builder_version=&#8221;4.27.4&#8243; _module_preset=&#8221;default&#8221; global_colors_info=&#8221;{}&#8221;][et_pb_column_inner type=&#8221;1_2&#8243; saved_specialty_column_type=&#8221;3_4&#8243; _builder_version=&#8221;4.27.4&#8243; _module_preset=&#8221;default&#8221; global_colors_info=&#8221;{}&#8221;][et_pb_heading title=&#8221;Japon\u00e9s&#8221; _builder_version=&#8221;4.27.4&#8243; _module_preset=&#8221;default&#8221; global_colors_info=&#8221;{}&#8221;][\/et_pb_heading][et_pb_image src=&#8221;https:\/\/akibaplay.net\/wp-content\/uploads\/2025\/09\/Japones.jpg&#8221; title_text=&#8221;Japones&#8221; _builder_version=&#8221;4.27.4&#8243; _module_preset=&#8221;default&#8221; border_radii=&#8221;on|17px|17px|17px|17px&#8221; global_colors_info=&#8221;{}&#8221;][\/et_pb_image][et_pb_button button_url=&#8221;@ET-DC@eyJkeW5hbWljIjp0cnVlLCJjb250ZW50IjoicG9zdF9saW5rX3VybF9wYWdlIiwic2V0dGluZ3MiOnsicG9zdF9pZCI6IjEzNDQifX0=@&#8221; button_text=&#8221;Comenz\u00e1r&#8221; _builder_version=&#8221;4.27.4&#8243; _dynamic_attributes=&#8221;button_url&#8221; _module_preset=&#8221;default&#8221; custom_button=&#8221;on&#8221; button_text_size=&#8221;15px&#8221; button_text_color=&#8221;#E00707&#8243; button_border_width=&#8221;2px&#8221; button_border_radius=&#8221;10px&#8221; global_colors_info=&#8221;{}&#8221;][\/et_pb_button][et_pb_text _builder_version=&#8221;4.27.4&#8243; _module_preset=&#8221;default&#8221; global_colors_info=&#8221;{}&#8221;]<\/p>\n<p>Pensado para j\u00f3venes y adultos que quieren dominar el idioma desde cero o mejorar su nivel, con lecciones claras, pr\u00e1cticas y llenas de referencias a la cultura nipona.<\/p>\n<p>[\/et_pb_text][\/et_pb_column_inner][et_pb_column_inner type=&#8221;1_2&#8243; saved_specialty_column_type=&#8221;3_4&#8243; _builder_version=&#8221;4.27.4&#8243; _module_preset=&#8221;default&#8221; global_colors_info=&#8221;{}&#8221;][et_pb_heading title=&#8221;Japon\u00e9s para ni\u00f1os&#8221; _builder_version=&#8221;4.27.4&#8243; _module_preset=&#8221;default&#8221; global_colors_info=&#8221;{}&#8221;][\/et_pb_heading][et_pb_image src=&#8221;https:\/\/akibaplay.net\/wp-content\/uploads\/2025\/09\/JaponesJoven.jpg&#8221; title_text=&#8221;Japones Joven&#8221; _builder_version=&#8221;4.27.4&#8243; _module_preset=&#8221;default&#8221; border_radii=&#8221;on|17px|17px|17px|17px&#8221; global_colors_info=&#8221;{}&#8221;][\/et_pb_image][et_pb_button button_text=&#8221;&#8230;Proximamente&#8230;&#8221; _builder_version=&#8221;4.27.4&#8243; _module_preset=&#8221;default&#8221; custom_button=&#8221;on&#8221; button_text_size=&#8221;15px&#8221; button_text_color=&#8221;#E00707&#8243; button_border_width=&#8221;2px&#8221; button_border_radius=&#8221;10px&#8221; locked=&#8221;off&#8221; global_colors_info=&#8221;{}&#8221;][\/et_pb_button][et_pb_text _builder_version=&#8221;4.27.4&#8243; _module_preset=&#8221;default&#8221; global_colors_info=&#8221;{}&#8221;]<\/p>\n<p>Un programa dise\u00f1ado especialmente para los m\u00e1s peque\u00f1os, con actividades din\u00e1micas, juegos y recursos visuales que hacen del aprendizaje una experiencia divertida y motivadora.<\/p>\n<p>[\/et_pb_text][\/et_pb_column_inner][\/et_pb_row_inner][\/et_pb_column][\/et_pb_section]<\/p>\n","protected":false},"excerpt":{"rendered":"<p>\u00a1Aprend\u00e9 japon\u00e9s y conect\u00e1 con el idioma de tus animes favoritos! En AkibaPlay, junto a nuestro partner estrat\u00e9gico Ikaruga, te ofrecemos cursos para todos los niveles. Practic\u00e1, aprend\u00e9 expresiones aut\u00e9nticas y viv\u00ed la cultura japonesa desde adentro.Contamos con propuestas pensadas para diferentes edades y objetivos. Dise\u00f1ados con actividades l\u00fadicas y contenidos visuales que hacen del [&hellip;]<\/p>\n","protected":false},"author":4,"featured_media":0,"parent":0,"menu_order":0,"comment_status":"closed","ping_status":"closed","template":"","meta":{"_acf_changed":false,"_et_pb_use_builder":"on","_et_pb_old_content":"","_et_gb_content_width":"","footnotes":""},"class_list":["post-3396","page","type-page","status-publish","hentry"],"acf":[],"_links":{"self":[{"href":"https:\/\/akibaplay.net\/es-ch\/wp-json\/wp\/v2\/pages\/3396","targetHints":{"allow":["GET"]}}],"collection":[{"href":"https:\/\/akibaplay.net\/es-ch\/wp-json\/wp\/v2\/pages"}],"about":[{"href":"https:\/\/akibaplay.net\/es-ch\/wp-json\/wp\/v2\/types\/page"}],"author":[{"embeddable":true,"href":"https:\/\/akibaplay.net\/es-ch\/wp-json\/wp\/v2\/users\/4"}],"replies":[{"embeddable":true,"href":"https:\/\/akibaplay.net\/es-ch\/wp-json\/wp\/v2\/comments?post=3396"}],"version-history":[{"count":2,"href":"https:\/\/akibaplay.net\/es-ch\/wp-json\/wp\/v2\/pages\/3396\/revisions"}],"predecessor-version":[{"id":3398,"href":"https:\/\/akibaplay.net\/es-ch\/wp-json\/wp\/v2\/pages\/3396\/revisions\/3398"}],"wp:attachment":[{"href":"https:\/\/akibaplay.net\/es-ch\/wp-json\/wp\/v2\/media?parent=3396"}],"curies":[{"name":"wp","href":"https:\/\/api.w.org\/{rel}","templated":true}]}}